{"id":5332,"date":"2025-08-31T19:05:36","date_gmt":"2025-08-31T16:05:36","guid":{"rendered":"http:\/\/3.235.9.173\/?page_id=5332"},"modified":"2025-08-31T20:06:56","modified_gmt":"2025-08-31T17:06:56","slug":"arte-urbano-4","status":"publish","type":"page","link":"https:\/\/www.persavictormanuel.cl\/en\/arte-urbano-4\/","title":{"rendered":"Urban art"},"content":{"rendered":"<div class=\"wpb-content-wrapper\"><!-- CWS Row --><div class=\"cws-content\" style=\"background-repeat:repeat;background-size:initial;background-attachment:scroll;background-position:0% 0%;\"><div class=\"cws_extra_wrapper\"><div class=\"vc_row wpb_row vc_row-fluid\"><div class=\"wpb_column vc_column_container vc_col-sm-12 cws-column\"><div class=\"cws_vc_column-inner\"><div class=\"wpb_column vc_column_container vc_col-sm-12\"><div class=\"vc_column-inner\"><div class=\"wpb_wrapper\"><div class='cws_textmodule cws_vc_shortcode_module  vc_custom_1756659014768' id='cws_textmodule_69e2e4c4caecd'><div class='cws_textmodule_wrapper'><div class='cws_textmodule_text text_align_left'><div class='cws_textmodule_titles'><h3 class='cws_textmodule_title large'>Murals<\/h3><\/div><\/div><\/div><\/div><\/div><\/div><\/div><!-- CWS Column --> <\/div><\/div><\/div><\/div><\/div><!-- CWS Row --><div class=\"cws-content\" style=\"background-repeat:repeat;background-size:initial;background-attachment:scroll;background-position:0% 0%;\"><div class=\"cws_extra_wrapper\"><div class=\"vc_row wpb_row vc_row-fluid\"><div class=\"wpb_column vc_column_container vc_col-sm-12 cws-column\"><div class=\"cws_vc_column-inner\"><div class=\"wpb_column vc_column_container vc_col-sm-12\"><div class=\"vc_column-inner\"><div class=\"wpb_wrapper\"><section id='posts_grid_69e2e4c4cb19f' class='news  blog_post posts_grid post_posts_grid posts_grid_small blog_aligning_center button_aligning_center posts_grid_grid'><div class='cws_vc_shortcode_wrapper'><div class='cws_vc_shortcode_grid grid layout-small'><\/div><\/div><\/section><\/div><\/div><\/div><!-- CWS Column --> <\/div><\/div><\/div><\/div><\/div><!-- CWS Row --><div class=\"cws-content\" style=\"background-repeat:repeat;background-size:initial;background-attachment:scroll;background-position:0% 0%;\"><div class=\"cws_extra_wrapper\"><div class=\"vc_row wpb_row vc_row-fluid\"><div class=\"wpb_column vc_column_container vc_col-sm-12 cws-column\"><div class=\"cws_vc_column-inner\"><div class=\"wpb_column vc_column_container vc_col-sm-12\"><div class=\"vc_column-inner\"><div class=\"wpb_wrapper\"><div class='cws_textmodule cws_vc_shortcode_module  vc_custom_1756659829607' id='cws_textmodule_69e2e4c4cdb6c'><div class='cws_textmodule_wrapper'><div class='cws_textmodule_text text_align_left'><div class='cws_textmodule_titles'><h3 class='cws_textmodule_title large'>Outdoor Murals<\/h3><\/div><\/div><\/div><\/div><\/div><\/div><\/div><!-- CWS Column --> <\/div><\/div><\/div><\/div><\/div><!-- CWS Row --><div class=\"cws-content\" style=\"background-repeat:repeat;background-size:initial;background-attachment:scroll;background-position:0% 0%;\"><div class=\"cws_extra_wrapper\"><div class=\"vc_row wpb_row vc_row-fluid\"><div class=\"wpb_column vc_column_container vc_col-sm-12 cws-column\"><div class=\"cws_vc_column-inner\"><div class=\"wpb_column vc_column_container vc_col-sm-12\"><div class=\"vc_column-inner\"><div class=\"wpb_wrapper\"><section id='posts_grid_69e2e4c4cde13' class='news  blog_post posts_grid post_posts_grid posts_grid_small blog_aligning_center button_aligning_center posts_grid_grid'><div class='cws_vc_shortcode_wrapper'><div class='cws_vc_shortcode_grid grid layout-small'><article id='post_post_69e2e4c4d0d4e'class=\"item post no_likes post_post posts_grid_post  post-5359 type-post status-publish format-standard has-post-thumbnail hentry category-murales-exteriores\"><div class='post_wrapper post_post_wrapper posts_grid_post_wrapper clearfix'>\t\t\t\t<div class=\"floated_media post_floated_media posts_grid_floated_media_wrapper\">\n\t\t\t\t\t<div class=\"floated_media_wrapper post_floated_media_wrapper posts_grid_floated_media_wrapper cut_post_post_media\">\n\t\t\t\t\t<div class='post_media post_post_media posts_grid_post_media'><div class='pic'><img src='https:\/\/www.persavictormanuel.cl\/wp-content\/uploads\/2025\/08\/0-5_01a401a40_5360.jpg' data-no-retina alt='0 (5)' \/><a class='link_area_post_media post_media_link post_post_media_link posts_grid_post_media_link' href='https:\/\/www.persavictormanuel.cl\/en\/2025\/08\/31\/dasic-fernandez\/'><\/a><\/div><div class='inline_date'><a href=\"https:\/\/www.persavictormanuel.cl\/en\/2025\/00\/\"><span class='day'>31<\/span><span class='month'>Aug<\/span><\/a><\/div><\/div>\t\t\t\t\t<\/div>\n\t\t\t\t<\/div>\n\t\t\t<div class='post_post_info posts_grid_post_info'><div class='post_top_wrapper'><div class='post_meta post_categories'><div class='post_category'><a href=\"https:\/\/www.persavictormanuel.cl\/en\/category\/murales-exteriores\/\" rel=\"category tag\">Exterior murals<\/a><\/div><\/div><\/div><h3 class='post_title post_post_title posts_grid_post_title'><a href='https:\/\/www.persavictormanuel.cl\/en\/2025\/08\/31\/dasic-fernandez\/'>Dasic Fern\u00e1ndez<\/a><\/h3><div class='post_content post_post_content posts_grid_post_content clearfix'><p>Persa V\u00edctor Manuel Fa\u00e7ade\nThe fa\u00e7ade of the Persa V\u00edctor Manuel was painted by the renowned international artist Dasic Fern\u00e1ndez. Dasic has painted in major capitals across Latin America, as well as\u2026<\/p>\n<\/div><div class='button_wrapper'><a href='https:\/\/www.persavictormanuel.cl\/en\/2025\/08\/31\/dasic-fernandez\/' class='cws_custom_button advanced small'>CONTINUE READING<\/a><\/div><\/div><\/div><\/article><article id='post_post_69e2e4c4d17e7'class=\"item post no_likes post_post posts_grid_post  post-5362 type-post status-publish format-standard has-post-thumbnail hentry category-murales-exteriores\"><div class='post_wrapper post_post_wrapper posts_grid_post_wrapper clearfix'>\t\t\t\t<div class=\"floated_media post_floated_media posts_grid_floated_media_wrapper\">\n\t\t\t\t\t<div class=\"floated_media_wrapper post_floated_media_wrapper posts_grid_floated_media_wrapper cut_post_post_media\">\n\t\t\t\t\t<div class='post_media post_post_media posts_grid_post_media'><div class='pic'><img src='https:\/\/www.persavictormanuel.cl\/wp-content\/uploads\/2025\/08\/Mural1__-768x512-1_01a401a40_5363.jpg' data-no-retina alt='Mural1__-768&#215;512' \/><a class='link_area_post_media post_media_link post_post_media_link posts_grid_post_media_link' href='https:\/\/www.persavictormanuel.cl\/en\/2025\/08\/31\/mural-1alejandro-gonzalez-agotok-oficio-erico-xilo-bastian\/'><\/a><\/div><div class='inline_date'><a href=\"https:\/\/www.persavictormanuel.cl\/en\/2025\/00\/\"><span class='day'>31<\/span><span class='month'>Aug<\/span><\/a><\/div><\/div>\t\t\t\t\t<\/div>\n\t\t\t\t<\/div>\n\t\t\t<div class='post_post_info posts_grid_post_info'><div class='post_top_wrapper'><div class='post_meta post_categories'><div class='post_category'><a href=\"https:\/\/www.persavictormanuel.cl\/en\/category\/murales-exteriores\/\" rel=\"category tag\">Exterior murals<\/a><\/div><\/div><\/div><h3 class='post_title post_post_title posts_grid_post_title'><a href='https:\/\/www.persavictormanuel.cl\/en\/2025\/08\/31\/mural-1alejandro-gonzalez-agotok-oficio-erico-xilo-bastian\/'>Mural 1 Alejandro Gonz\u00e1lez, Agotok, Oficio Erico, Xilo Bastian<\/a><\/h3><div class='post_content post_post_content posts_grid_post_content clearfix'><p>Persa V\u00edctor Manuel Fa\u00e7ade\nThe fa\u00e7ade of the Persa V\u00edctor Manuel was painted by the renowned international artist Dasic Fern\u00e1ndez. Dasic has painted in major capitals across Latin America, as well as in the United States and Europe, and is recognized for his vibrant use of color and his large-scale urban artworks.<\/p>\n<\/div><div class='button_wrapper'><a href='https:\/\/www.persavictormanuel.cl\/en\/2025\/08\/31\/mural-1alejandro-gonzalez-agotok-oficio-erico-xilo-bastian\/' class='cws_custom_button advanced small'>CONTINUE READING<\/a><\/div><\/div><\/div><\/article><article id='post_post_69e2e4c4d20d1'class=\"item post no_likes post_post posts_grid_post  post-5365 type-post status-publish format-standard has-post-thumbnail hentry category-murales-exteriores\"><div class='post_wrapper post_post_wrapper posts_grid_post_wrapper clearfix'>\t\t\t\t<div class=\"floated_media post_floated_media posts_grid_floated_media_wrapper\">\n\t\t\t\t\t<div class=\"floated_media_wrapper post_floated_media_wrapper posts_grid_floated_media_wrapper cut_post_post_media\">\n\t\t\t\t\t<div class='post_media post_post_media posts_grid_post_media'><div class='pic'><img src='https:\/\/www.persavictormanuel.cl\/wp-content\/uploads\/2025\/08\/Mural2-1-768x512-1_01a401a40_5366.jpg' data-no-retina alt='Mural2-1-768&#215;512 (1)' \/><a class='link_area_post_media post_media_link post_post_media_link posts_grid_post_media_link' href='https:\/\/www.persavictormanuel.cl\/en\/2025\/08\/31\/mural-2mono-gonzalez-inti-saile-sick-888-juana-perez-y-la-dupla-aner-y-tikay-2017\/'><\/a><\/div><div class='inline_date'><a href=\"https:\/\/www.persavictormanuel.cl\/en\/2025\/00\/\"><span class='day'>31<\/span><span class='month'>Aug<\/span><\/a><\/div><\/div>\t\t\t\t\t<\/div>\n\t\t\t\t<\/div>\n\t\t\t<div class='post_post_info posts_grid_post_info'><div class='post_top_wrapper'><div class='post_meta post_categories'><div class='post_category'><a href=\"https:\/\/www.persavictormanuel.cl\/en\/category\/murales-exteriores\/\" rel=\"category tag\">Exterior murals<\/a><\/div><\/div><\/div><h3 class='post_title post_post_title posts_grid_post_title'><a href='https:\/\/www.persavictormanuel.cl\/en\/2025\/08\/31\/mural-2mono-gonzalez-inti-saile-sick-888-juana-perez-y-la-dupla-aner-y-tikay-2017\/'>Mural 2 Mono Gonz\u00e1lez, Inti, Saile, Sick 888, Juana P\u00e9rez, y la dupla Aner y Tikay \/ 2017<\/a><\/h3><div class='post_content post_post_content posts_grid_post_content clearfix'><p>Placer\nThis mural was created in 2017 as part of a collaborative project between artists from urban art (graffiti) and muralism, including the renowned Chilean artist\u2026<\/p>\n<\/div><div class='button_wrapper'><a href='https:\/\/www.persavictormanuel.cl\/en\/2025\/08\/31\/mural-2mono-gonzalez-inti-saile-sick-888-juana-perez-y-la-dupla-aner-y-tikay-2017\/' class='cws_custom_button advanced small'>CONTINUE READING<\/a><\/div><\/div><\/div><\/article><article id='post_post_69e2e4c4d29f2'class=\"item post no_likes post_post posts_grid_post  post-5368 type-post status-publish format-standard has-post-thumbnail hentry category-murales-exteriores\"><div class='post_wrapper post_post_wrapper posts_grid_post_wrapper clearfix'>\t\t\t\t<div class=\"floated_media post_floated_media posts_grid_floated_media_wrapper\">\n\t\t\t\t\t<div class=\"floated_media_wrapper post_floated_media_wrapper posts_grid_floated_media_wrapper cut_post_post_media\">\n\t\t\t\t\t<div class='post_media post_post_media posts_grid_post_media'><div class='pic'><img src='https:\/\/www.persavictormanuel.cl\/wp-content\/uploads\/2025\/08\/Mural3-768x280-1_01a401a40_5369.jpg' data-no-retina alt='Mural3-768&#215;280' \/><a class='link_area_post_media post_media_link post_post_media_link posts_grid_post_media_link' href='https:\/\/www.persavictormanuel.cl\/en\/2025\/08\/31\/mural-3daniel-marceli-2017\/'><\/a><\/div><div class='inline_date'><a href=\"https:\/\/www.persavictormanuel.cl\/en\/2025\/00\/\"><span class='day'>31<\/span><span class='month'>Aug<\/span><\/a><\/div><\/div>\t\t\t\t\t<\/div>\n\t\t\t\t<\/div>\n\t\t\t<div class='post_post_info posts_grid_post_info'><div class='post_top_wrapper'><div class='post_meta post_categories'><div class='post_category'><a href=\"https:\/\/www.persavictormanuel.cl\/en\/category\/murales-exteriores\/\" rel=\"category tag\">Exterior murals<\/a><\/div><\/div><\/div><h3 class='post_title post_post_title posts_grid_post_title'><a href='https:\/\/www.persavictormanuel.cl\/en\/2025\/08\/31\/mural-3daniel-marceli-2017\/'>Mural 3 Daniel Marceli \/ 2017<\/a><\/h3><div class='post_content post_post_content posts_grid_post_content clearfix'><p>San Isidro\nDaniel Marceli painted this mural in 2017. It is located on the fa\u00e7ade of the Persa V\u00edctor Manuel on San Isidro Street and represents the shapes and colors of southern Chile, inspired by the culture of\u2026 <\/p>\n<\/div><div class='button_wrapper'><a href='https:\/\/www.persavictormanuel.cl\/en\/2025\/08\/31\/mural-3daniel-marceli-2017\/' class='cws_custom_button advanced small'>CONTINUE READING<\/a><\/div><\/div><\/div><\/article><\/div><\/div><\/section><\/div><\/div><\/div><!-- CWS Column --> <\/div><\/div><\/div><\/div><\/div>\n<\/div>","protected":false},"excerpt":{"rendered":"San Isidro Daniel Marceli pint\u00f3 este mural el a\u00f1o 2017. Est\u00e1 en la fachada del Persa V\u00edctor Manuel en la calle San Isidro y representa las formas y colores del sur de Chile inspirado en la cultura de la Isla de Chilo\u00e9 de la cual proviene el artista. La idea del mural plantea la integraci\u00f3n de las culturas por medio de una llamativa platea crom\u00e1tica asociada al mar y elementos arquitect\u00f3nicos caracter\u00edsticos del sur de Chile. Daniel Marceli es un artista proveniente de Valpara\u00edso. Esta es su obra m\u00e1s importante en Santiago.","protected":false},"author":1,"featured_media":0,"parent":0,"menu_order":0,"comment_status":"closed","ping_status":"closed","template":"","meta":{"footnotes":""},"class_list":["post-5332","page","type-page","status-publish","hentry"],"yoast_head":"<!-- This site is optimized with the Yoast SEO plugin v26.5 - https:\/\/yoast.com\/wordpress\/plugins\/seo\/ -->\n<title>Arte urbano - Persa Victor Manuel<\/title>\n<meta name=\"robots\" content=\"index, follow, max-snippet:-1, max-image-preview:large, max-video-preview:-1\" \/>\n<link rel=\"canonical\" href=\"https:\/\/www.persavictormanuel.cl\/en\/arte-urbano-4\/\" \/>\n<meta property=\"og:locale\" content=\"en_US\" \/>\n<meta property=\"og:type\" content=\"article\" \/>\n<meta property=\"og:title\" content=\"Arte urbano - Persa Victor Manuel\" \/>\n<meta property=\"og:url\" content=\"https:\/\/www.persavictormanuel.cl\/en\/arte-urbano-4\/\" \/>\n<meta property=\"og:site_name\" content=\"Persa Victor Manuel\" \/>\n<meta property=\"article:modified_time\" content=\"2025-08-31T17:06:56+00:00\" \/>\n<meta name=\"twitter:card\" content=\"summary_large_image\" \/>\n<meta name=\"twitter:label1\" content=\"Est. reading time\" \/>\n\t<meta name=\"twitter:data1\" content=\"1 minute\" \/>\n<script type=\"application\/ld+json\" class=\"yoast-schema-graph\">{\"@context\":\"https:\/\/schema.org\",\"@graph\":[{\"@type\":\"WebPage\",\"@id\":\"https:\/\/www.persavictormanuel.cl\/arte-urbano-4\/\",\"url\":\"https:\/\/www.persavictormanuel.cl\/arte-urbano-4\/\",\"name\":\"Arte urbano - Persa Victor Manuel\",\"isPartOf\":{\"@id\":\"https:\/\/www.persavictormanuel.cl\/#website\"},\"datePublished\":\"2025-08-31T16:05:36+00:00\",\"dateModified\":\"2025-08-31T17:06:56+00:00\",\"breadcrumb\":{\"@id\":\"https:\/\/www.persavictormanuel.cl\/arte-urbano-4\/#breadcrumb\"},\"inLanguage\":\"en-US\",\"potentialAction\":[{\"@type\":\"ReadAction\",\"target\":[\"https:\/\/www.persavictormanuel.cl\/arte-urbano-4\/\"]}]},{\"@type\":\"BreadcrumbList\",\"@id\":\"https:\/\/www.persavictormanuel.cl\/arte-urbano-4\/#breadcrumb\",\"itemListElement\":[{\"@type\":\"ListItem\",\"position\":1,\"name\":\"Portada\",\"item\":\"https:\/\/www.persavictormanuel.cl\/\"},{\"@type\":\"ListItem\",\"position\":2,\"name\":\"Arte urbano\"}]},{\"@type\":\"WebSite\",\"@id\":\"https:\/\/www.persavictormanuel.cl\/#website\",\"url\":\"https:\/\/www.persavictormanuel.cl\/\",\"name\":\"Persa Victor Manuel\",\"description\":\"\",\"publisher\":{\"@id\":\"https:\/\/www.persavictormanuel.cl\/#organization\"},\"potentialAction\":[{\"@type\":\"SearchAction\",\"target\":{\"@type\":\"EntryPoint\",\"urlTemplate\":\"https:\/\/www.persavictormanuel.cl\/?s={search_term_string}\"},\"query-input\":{\"@type\":\"PropertyValueSpecification\",\"valueRequired\":true,\"valueName\":\"search_term_string\"}}],\"inLanguage\":\"en-US\"},{\"@type\":\"Organization\",\"@id\":\"https:\/\/www.persavictormanuel.cl\/#organization\",\"name\":\"Persa Victor Manuel\",\"url\":\"https:\/\/www.persavictormanuel.cl\/\",\"logo\":{\"@type\":\"ImageObject\",\"inLanguage\":\"en-US\",\"@id\":\"https:\/\/www.persavictormanuel.cl\/#\/schema\/logo\/image\/\",\"url\":\"https:\/\/www.persavictormanuel.cl\/wp-content\/uploads\/2023\/12\/logo_resize.png\",\"contentUrl\":\"https:\/\/www.persavictormanuel.cl\/wp-content\/uploads\/2023\/12\/logo_resize.png\",\"width\":194,\"height\":196,\"caption\":\"Persa Victor Manuel\"},\"image\":{\"@id\":\"https:\/\/www.persavictormanuel.cl\/#\/schema\/logo\/image\/\"},\"sameAs\":[\"https:\/\/www.instagram.com\/persavictormanuel\/\"]}]}<\/script>\n<!-- \/ Yoast SEO plugin. -->","yoast_head_json":{"title":"Arte urbano - Persa Victor Manuel","robots":{"index":"index","follow":"follow","max-snippet":"max-snippet:-1","max-image-preview":"max-image-preview:large","max-video-preview":"max-video-preview:-1"},"canonical":"https:\/\/www.persavictormanuel.cl\/en\/arte-urbano-4\/","og_locale":"en_US","og_type":"article","og_title":"Arte urbano - Persa Victor Manuel","og_url":"https:\/\/www.persavictormanuel.cl\/en\/arte-urbano-4\/","og_site_name":"Persa Victor Manuel","article_modified_time":"2025-08-31T17:06:56+00:00","twitter_card":"summary_large_image","twitter_misc":{"Est. reading time":"1 minute"},"schema":{"@context":"https:\/\/schema.org","@graph":[{"@type":"WebPage","@id":"https:\/\/www.persavictormanuel.cl\/arte-urbano-4\/","url":"https:\/\/www.persavictormanuel.cl\/arte-urbano-4\/","name":"Arte urbano - Persa Victor Manuel","isPartOf":{"@id":"https:\/\/www.persavictormanuel.cl\/#website"},"datePublished":"2025-08-31T16:05:36+00:00","dateModified":"2025-08-31T17:06:56+00:00","breadcrumb":{"@id":"https:\/\/www.persavictormanuel.cl\/arte-urbano-4\/#breadcrumb"},"inLanguage":"en-US","potentialAction":[{"@type":"ReadAction","target":["https:\/\/www.persavictormanuel.cl\/arte-urbano-4\/"]}]},{"@type":"BreadcrumbList","@id":"https:\/\/www.persavictormanuel.cl\/arte-urbano-4\/#breadcrumb","itemListElement":[{"@type":"ListItem","position":1,"name":"Portada","item":"https:\/\/www.persavictormanuel.cl\/"},{"@type":"ListItem","position":2,"name":"Arte urbano"}]},{"@type":"WebSite","@id":"https:\/\/www.persavictormanuel.cl\/#website","url":"https:\/\/www.persavictormanuel.cl\/","name":"Persa Victor Manuel","description":"","publisher":{"@id":"https:\/\/www.persavictormanuel.cl\/#organization"},"potentialAction":[{"@type":"SearchAction","target":{"@type":"EntryPoint","urlTemplate":"https:\/\/www.persavictormanuel.cl\/?s={search_term_string}"},"query-input":{"@type":"PropertyValueSpecification","valueRequired":true,"valueName":"search_term_string"}}],"inLanguage":"en-US"},{"@type":"Organization","@id":"https:\/\/www.persavictormanuel.cl\/#organization","name":"Persa Victor Manuel","url":"https:\/\/www.persavictormanuel.cl\/","logo":{"@type":"ImageObject","inLanguage":"en-US","@id":"https:\/\/www.persavictormanuel.cl\/#\/schema\/logo\/image\/","url":"https:\/\/www.persavictormanuel.cl\/wp-content\/uploads\/2023\/12\/logo_resize.png","contentUrl":"https:\/\/www.persavictormanuel.cl\/wp-content\/uploads\/2023\/12\/logo_resize.png","width":194,"height":196,"caption":"Persa Victor Manuel"},"image":{"@id":"https:\/\/www.persavictormanuel.cl\/#\/schema\/logo\/image\/"},"sameAs":["https:\/\/www.instagram.com\/persavictormanuel\/"]}]}},"_links":{"self":[{"href":"https:\/\/www.persavictormanuel.cl\/en\/wp-json\/wp\/v2\/pages\/5332","targetHints":{"allow":["GET"]}}],"collection":[{"href":"https:\/\/www.persavictormanuel.cl\/en\/wp-json\/wp\/v2\/pages"}],"about":[{"href":"https:\/\/www.persavictormanuel.cl\/en\/wp-json\/wp\/v2\/types\/page"}],"author":[{"embeddable":true,"href":"https:\/\/www.persavictormanuel.cl\/en\/wp-json\/wp\/v2\/users\/1"}],"replies":[{"embeddable":true,"href":"https:\/\/www.persavictormanuel.cl\/en\/wp-json\/wp\/v2\/comments?post=5332"}],"version-history":[{"count":0,"href":"https:\/\/www.persavictormanuel.cl\/en\/wp-json\/wp\/v2\/pages\/5332\/revisions"}],"wp:attachment":[{"href":"https:\/\/www.persavictormanuel.cl\/en\/wp-json\/wp\/v2\/media?parent=5332"}],"curies":[{"name":"wp","href":"https:\/\/api.w.org\/{rel}","templated":true}]}}