{"id":3486,"date":"2022-02-22T18:50:59","date_gmt":"2022-02-22T18:50:59","guid":{"rendered":"https:\/\/persavictormanuel.cl\/?page_id=3486"},"modified":"2022-02-22T18:50:59","modified_gmt":"2022-02-22T18:50:59","slug":"historiav2","status":"publish","type":"page","link":"https:\/\/www.persavictormanuel.cl\/en\/historiav2\/","title":{"rendered":"Historia"},"content":{"rendered":"<h1 class=\"has-text-color wp-block-heading\" style=\"color:#de0512\">El rey de los Persas<\/h1>\n\n\n\n<p class=\"roboto has-black-color has-text-color\">Once upon a time, in 1917, in the popular and well-known Barrio Matadero Franklin, there was a building with large sheds that housed a tannery and shoe factory characteristic of the time.<\/p>\n\n\n\n<div class=\"wp-block-media-text alignwide has-media-on-the-right is-stacked-on-mobile\" style=\"grid-template-columns:auto 35%\"><figure class=\"wp-block-media-text__media\"><img loading=\"lazy\" decoding=\"async\" width=\"588\" height=\"706\" src=\"https:\/\/www.persavictormanuel.cl\/wp-content\/uploads\/2022\/02\/foto1_nuestrahistoria.png\" alt=\"\" class=\"wp-image-3504 size-full\" srcset=\"https:\/\/www.persavictormanuel.cl\/wp-content\/uploads\/2022\/02\/foto1_nuestrahistoria.png 588w, https:\/\/www.persavictormanuel.cl\/wp-content\/uploads\/2022\/02\/foto1_nuestrahistoria-250x300.png 250w\" sizes=\"auto, (max-width: 588px) 100vw, 588px\" \/><\/figure><div class=\"wp-block-media-text__content\">\n<p class=\"roboto has-black-color has-text-color\"><strong>In the early 1980s, this factory ceased production and informal markets were established around this building as a result of a severe economic crisis in Chile.<\/strong><\/p>\n\n\n\n<p class=\"roboto has-black-color has-text-color\">Chilean society at the time, marked by the rule of the military government, was facing a scenario of many changes, uncertainty and the economic crisis of 1982 brought with it high unemployment rates. This political-economic and social context meant that these informal markets grew more and more.<\/p>\n\n\n\n<p class=\"roboto has-black-color has-text-color\">At that time, the factory was auctioned and the new owners of the building decided to open its doors to the street trade, becoming a place that received hundreds of vendors, craftsmen, cachureros, entrepreneurs of the twentieth century, becoming the first Persian that was installed in the neighborhood.<\/p>\n<\/div><\/div>\n\n\n\n<div style=\"height:100px\" aria-hidden=\"true\" class=\"wp-block-spacer\"><\/div>\n\n\n\n<div class=\"wp-block-media-text alignwide is-stacked-on-mobile\" style=\"grid-template-columns:39% auto\"><figure class=\"wp-block-media-text__media\"><img loading=\"lazy\" decoding=\"async\" width=\"588\" height=\"622\" src=\"https:\/\/www.persavictormanuel.cl\/wp-content\/uploads\/2022\/02\/foto2_nuestrahistoria.png\" alt=\"\" class=\"wp-image-3510 size-full\" srcset=\"https:\/\/www.persavictormanuel.cl\/wp-content\/uploads\/2022\/02\/foto2_nuestrahistoria.png 588w, https:\/\/www.persavictormanuel.cl\/wp-content\/uploads\/2022\/02\/foto2_nuestrahistoria-284x300.png 284w\" sizes=\"auto, (max-width: 588px) 100vw, 588px\" \/><\/figure><div class=\"wp-block-media-text__content\">\n<p class=\"roboto has-black-color has-text-color\"><strong>In the beginning and for a long time, merchants and entrepreneurs installed their products on the ground, which were mainly junk, antiques and restorations, finding in this shed a shelter for hot and rainy days, and a safe place to protect their merchandise.<\/strong><\/p>\n\n\n\n<p class=\"roboto has-black-color has-text-color\">Its corridors were filled with life and colors, marking the beginning not only of a special decade in our country, but of a historic, iconic and unique place, which has been characterized -until today- by the fact that in it we can find everything: antiques, lamps, furniture, old magazines, stamps, unimaginable books, and an endless number of collector's items.<\/p>\n<\/div><\/div>\n\n\n\n<div style=\"height:100px\" aria-hidden=\"true\" class=\"wp-block-spacer\"><\/div>\n\n\n\n<h2 class=\"roboto has-text-color wp-block-heading\" style=\"color:#de0512\">An open door to the past, a place where time stands still, a trunk full of relics and treasures from another era, the main reason why it has been called by visitors as \"the antique dealers' shed\".<\/h2>\n\n\n\n<div style=\"height:100px\" aria-hidden=\"true\" class=\"wp-block-spacer\"><\/div>\n\n\n\n<div class=\"wp-block-media-text alignwide has-media-on-the-right is-stacked-on-mobile\" style=\"grid-template-columns:auto 39%\"><figure class=\"wp-block-media-text__media\"><img loading=\"lazy\" decoding=\"async\" width=\"588\" height=\"633\" src=\"https:\/\/www.persavictormanuel.cl\/wp-content\/uploads\/2022\/02\/foto3_nuestrahistoria.png\" alt=\"\" class=\"wp-image-3525 size-full\" srcset=\"https:\/\/www.persavictormanuel.cl\/wp-content\/uploads\/2022\/02\/foto3_nuestrahistoria.png 588w, https:\/\/www.persavictormanuel.cl\/wp-content\/uploads\/2022\/02\/foto3_nuestrahistoria-279x300.png 279w\" sizes=\"auto, (max-width: 588px) 100vw, 588px\" \/><\/figure><div class=\"wp-block-media-text__content\">\n<p class=\"roboto has-black-color has-text-color\">Con el paso de los a\u00f1os, comenzaron a instalarse otros \u201cmercados persas\u201d en el sector, siguiendo el modelo instaurado por el Persa V\u00edctor Manuel cuya esencia se ha mantenido, y al mismo tiempo, se ha ido renovando. Su popularidad ha crecido y el nombre \u201cPersa V\u00edctor Manuel\u201d resuena, siempre, como un espacio m\u00e1gico y legendario. Las puertas tambi\u00e9n se han abierto al mundo del arte, siendo el primer persa en incorporar las actividades culturales y el arte urbano a su recorrido.<\/p>\n\n\n\n<p class=\"roboto has-black-color has-text-color\">The consequent recovery and revitalization of spaces has also given way to the fact that this building of sheds has been strengthened as a meeting point for artistic expressions and an unmissable weekend panorama whose particularity remains intact.<\/p>\n\n\n\n<p class=\"roboto has-black-color has-text-color\"><strong>The tenants are the soul of this place, they have been participants and accomplices in the growth of this unique space. The trajectory, the impulse and the recognition of the Persian Victor Manuel have turned this great shed into a model to follow, standing out among the hundreds of Persian sheds existing in our country and in the world.<\/strong><\/p>\n\n\n\n<p class=\"roboto has-black-color has-text-color\">Raising their voices, resounding in the streets, in the press, in the neighborhood, for their trajectory, for being the first, for their colors, for their people, crowning themselves as the king of Persian culture that transcends epochs and continues to build stories that will mark us forever.<\/p>\n<\/div><\/div>","protected":false},"excerpt":{"rendered":"<p>El rey de los Persas \u00c9rase una vez, en 1917, en el popular y conocido Barrio Matadero Franklin, exist\u00eda un edificio de grandes galpones que albergaba una f\u00e1brica de curtiembre y zapatos caracter\u00edstica de la \u00e9poca. A comienzos de la d\u00e9cada de 1980, esta f\u00e1brica ces\u00f3 su producci\u00f3n y se establecieron mercados informales alrededor de este edificio como consecuencia de una fuerte crisis econ\u00f3mica que se desat\u00f3 en Chile. La sociedad chilena de la \u00e9poca, marcada por el mando del Gobierno Militar, se enfrentaba a un escenario de muchos cambios, incertidumbre y la crisis econ\u00f3mica de 1982 trajo consigo altas tasas de desempleo. Este contexto pol\u00edtico-econ\u00f3mico y social signific\u00f3 que estos mercados informales crecieran cada vez m\u00e1s. En ese entonces, la f\u00e1brica fue rematada y los nuevos propietarios del edificio decidieron abrir sus puertas al comercio ambulante, transform\u00e1ndose en un lugar que recibi\u00f3 a cientos de vendedores, artesanos, cachureros, emprendedores del siglo XX, situ\u00e1ndose como el primer persa que se instal\u00f3 en el barrio. En un inicio y durante mucho tiempo, los comerciantes y emprendedores instalaban sus productos en el suelo, que eran principalmente cachureos, antig\u00fcedades y restauraciones, encontrando en este galp\u00f3n un refugio para los d\u00edas de calor y de lluvia, y un lugar seguro para resguardar su mercader\u00eda. Sus pasillos se llenaron de vida y colores, marcando el comienzo no s\u00f3lo de una d\u00e9cada especial en nuestro pa\u00eds, sino de un lugar hist\u00f3rico, ic\u00f3nico, y \u00fanico, que se ha caracterizado \u2013hasta el d\u00eda de hoy- por el hecho de que en \u00e9l podemos encontrar de todo: antig\u00fcedades, l\u00e1mparas, muebles, revistas de anta\u00f1o, estampillas, libros inimaginables, y un sinf\u00edn de productos de colecci\u00f3n. Una puerta abierta al pasado, un lugar donde se detiene el tiempo, un ba\u00fal lleno de reliquias y tesoros de otra \u00e9poca, raz\u00f3n principal por la cual ha sido llamado por los visitantes como \u201cel galp\u00f3n de los anticuarios\u201d. Con el paso de los a\u00f1os, comenzaron a instalarse otros \u201cmercados persas\u201d en el sector, siguiendo el modelo instaurado por el Persa V\u00edctor Manuel cuya esencia se ha mantenido, y al mismo tiempo, se ha ido renovando. Su popularidad ha crecido y el nombre \u201cPersa V\u00edctor Manuel\u201d resuena, siempre, como un espacio m\u00e1gico y legendario. Las puertas tambi\u00e9n se han abierto al mundo del arte, siendo el primer persa en incorporar las actividades culturales y el arte urbano a su recorrido. La consecuente recuperaci\u00f3n y revitalizaci\u00f3n de espacios adem\u00e1s ha dado paso a que este edificio de galpones se haya fortalecido como un punto de reuni\u00f3n, de encuentros, de expresiones art\u00edsticas y un panorama imperdible de fin de semana cuya particularidad se mantiene intacta. Los locatarios son el alma de este lugar, han sido part\u00edcipes y c\u00f3mplices del crecimiento de este espacio inigualable. La trayectoria, el impulso y el reconocimiento del Persa V\u00edctor Manuel han convertido a este gran galp\u00f3n en un modelo a seguir, destac\u00e1ndose entre los cientos de galpones persas existentes en nuestro pa\u00eds y en el mundo. Alzando la voz, resonando en las calles, en la prensa, en el barrio, por su trayectoria, por ser los primeros, por sus colores, por su gente, coron\u00e1ndose como el rey de la cultura persa que trasciende \u00e9pocas y que sigue construyendo historias que nos marcar\u00e1n para siempre.<\/p>","protected":false},"author":2,"featured_media":0,"parent":0,"menu_order":0,"comment_status":"closed","ping_status":"closed","template":"","meta":{"footnotes":""},"class_list":["post-3486","page","type-page","status-publish","hentry"],"yoast_head":"<!-- This site is optimized with the Yoast SEO plugin v26.5 - https:\/\/yoast.com\/wordpress\/plugins\/seo\/ -->\n<title>Historia - Persa Victor Manuel<\/title>\n<meta name=\"robots\" content=\"index, follow, max-snippet:-1, max-image-preview:large, max-video-preview:-1\" \/>\n<link rel=\"canonical\" href=\"https:\/\/www.persavictormanuel.cl\/en\/historiav2\/\" \/>\n<meta property=\"og:locale\" content=\"en_US\" \/>\n<meta property=\"og:type\" content=\"article\" \/>\n<meta property=\"og:title\" content=\"Historia - Persa Victor Manuel\" \/>\n<meta property=\"og:description\" content=\"El rey de los Persas \u00c9rase una vez, en 1917, en el popular y conocido Barrio Matadero Franklin, exist\u00eda un edificio de grandes galpones que albergaba una f\u00e1brica de curtiembre y zapatos caracter\u00edstica de la \u00e9poca. A comienzos de la d\u00e9cada de 1980, esta f\u00e1brica ces\u00f3 su producci\u00f3n y se establecieron mercados informales alrededor de este edificio como consecuencia de una fuerte crisis econ\u00f3mica que se desat\u00f3 en Chile. La sociedad chilena de la \u00e9poca, marcada por el mando del Gobierno Militar, se enfrentaba a un escenario de muchos cambios, incertidumbre y la crisis econ\u00f3mica de 1982 trajo consigo altas tasas de desempleo. Este contexto pol\u00edtico-econ\u00f3mico y social signific\u00f3 que estos mercados informales crecieran cada vez m\u00e1s. En ese entonces, la f\u00e1brica fue rematada y los nuevos propietarios del edificio decidieron abrir sus puertas al comercio ambulante, transform\u00e1ndose en un lugar que recibi\u00f3 a cientos de vendedores, artesanos, cachureros, emprendedores del siglo XX, situ\u00e1ndose como el primer persa que se instal\u00f3 en el barrio. En un inicio y durante mucho tiempo, los comerciantes y emprendedores instalaban sus productos en el suelo, que eran principalmente cachureos, antig\u00fcedades y restauraciones, encontrando en este galp\u00f3n un refugio para los d\u00edas de calor y de lluvia, y un lugar seguro para resguardar su mercader\u00eda. Sus pasillos se llenaron de vida y colores, marcando el comienzo no s\u00f3lo de una d\u00e9cada especial en nuestro pa\u00eds, sino de un lugar hist\u00f3rico, ic\u00f3nico, y \u00fanico, que se ha caracterizado \u2013hasta el d\u00eda de hoy- por el hecho de que en \u00e9l podemos encontrar de todo: antig\u00fcedades, l\u00e1mparas, muebles, revistas de anta\u00f1o, estampillas, libros inimaginables, y un sinf\u00edn de productos de colecci\u00f3n. Una puerta abierta al pasado, un lugar donde se detiene el tiempo, un ba\u00fal lleno de reliquias y tesoros de otra \u00e9poca, raz\u00f3n principal por la cual ha sido llamado por los visitantes como \u201cel galp\u00f3n de los anticuarios\u201d. Con el paso de los a\u00f1os, comenzaron a instalarse otros \u201cmercados persas\u201d en el sector, siguiendo el modelo instaurado por el Persa V\u00edctor Manuel cuya esencia se ha mantenido, y al mismo tiempo, se ha ido renovando. Su popularidad ha crecido y el nombre \u201cPersa V\u00edctor Manuel\u201d resuena, siempre, como un espacio m\u00e1gico y legendario. Las puertas tambi\u00e9n se han abierto al mundo del arte, siendo el primer persa en incorporar las actividades culturales y el arte urbano a su recorrido. La consecuente recuperaci\u00f3n y revitalizaci\u00f3n de espacios adem\u00e1s ha dado paso a que este edificio de galpones se haya fortalecido como un punto de reuni\u00f3n, de encuentros, de expresiones art\u00edsticas y un panorama imperdible de fin de semana cuya particularidad se mantiene intacta. Los locatarios son el alma de este lugar, han sido part\u00edcipes y c\u00f3mplices del crecimiento de este espacio inigualable. La trayectoria, el impulso y el reconocimiento del Persa V\u00edctor Manuel han convertido a este gran galp\u00f3n en un modelo a seguir, destac\u00e1ndose entre los cientos de galpones persas existentes en nuestro pa\u00eds y en el mundo. Alzando la voz, resonando en las calles, en la prensa, en el barrio, por su trayectoria, por ser los primeros, por sus colores, por su gente, coron\u00e1ndose como el rey de la cultura persa que trasciende \u00e9pocas y que sigue construyendo historias que nos marcar\u00e1n para siempre.\" \/>\n<meta property=\"og:url\" content=\"https:\/\/www.persavictormanuel.cl\/en\/historiav2\/\" \/>\n<meta property=\"og:site_name\" content=\"Persa Victor Manuel\" \/>\n<meta property=\"og:image\" content=\"https:\/\/www.persavictormanuel.cl\/wp-content\/uploads\/2022\/02\/foto1_nuestrahistoria.png\" \/>\n\t<meta property=\"og:image:width\" content=\"588\" \/>\n\t<meta property=\"og:image:height\" content=\"706\" \/>\n\t<meta property=\"og:image:type\" content=\"image\/png\" \/>\n<meta name=\"twitter:card\" content=\"summary_large_image\" \/>\n<meta name=\"twitter:label1\" content=\"Est. reading time\" \/>\n\t<meta name=\"twitter:data1\" content=\"3 minutes\" \/>\n<script type=\"application\/ld+json\" class=\"yoast-schema-graph\">{\"@context\":\"https:\/\/schema.org\",\"@graph\":[{\"@type\":\"WebPage\",\"@id\":\"https:\/\/www.persavictormanuel.cl\/historiav2\/\",\"url\":\"https:\/\/www.persavictormanuel.cl\/historiav2\/\",\"name\":\"Historia - Persa Victor Manuel\",\"isPartOf\":{\"@id\":\"https:\/\/www.persavictormanuel.cl\/#website\"},\"primaryImageOfPage\":{\"@id\":\"https:\/\/www.persavictormanuel.cl\/historiav2\/#primaryimage\"},\"image\":{\"@id\":\"https:\/\/www.persavictormanuel.cl\/historiav2\/#primaryimage\"},\"thumbnailUrl\":\"https:\/\/www.persavictormanuel.cl\/wp-content\/uploads\/2022\/02\/foto1_nuestrahistoria.png\",\"datePublished\":\"2022-02-22T18:50:59+00:00\",\"breadcrumb\":{\"@id\":\"https:\/\/www.persavictormanuel.cl\/historiav2\/#breadcrumb\"},\"inLanguage\":\"en-US\",\"potentialAction\":[{\"@type\":\"ReadAction\",\"target\":[\"https:\/\/www.persavictormanuel.cl\/historiav2\/\"]}]},{\"@type\":\"ImageObject\",\"inLanguage\":\"en-US\",\"@id\":\"https:\/\/www.persavictormanuel.cl\/historiav2\/#primaryimage\",\"url\":\"https:\/\/www.persavictormanuel.cl\/wp-content\/uploads\/2022\/02\/foto1_nuestrahistoria.png\",\"contentUrl\":\"https:\/\/www.persavictormanuel.cl\/wp-content\/uploads\/2022\/02\/foto1_nuestrahistoria.png\"},{\"@type\":\"BreadcrumbList\",\"@id\":\"https:\/\/www.persavictormanuel.cl\/historiav2\/#breadcrumb\",\"itemListElement\":[{\"@type\":\"ListItem\",\"position\":1,\"name\":\"Portada\",\"item\":\"https:\/\/www.persavictormanuel.cl\/\"},{\"@type\":\"ListItem\",\"position\":2,\"name\":\"Historia\"}]},{\"@type\":\"WebSite\",\"@id\":\"https:\/\/www.persavictormanuel.cl\/#website\",\"url\":\"https:\/\/www.persavictormanuel.cl\/\",\"name\":\"Persa Victor Manuel\",\"description\":\"\",\"publisher\":{\"@id\":\"https:\/\/www.persavictormanuel.cl\/#organization\"},\"potentialAction\":[{\"@type\":\"SearchAction\",\"target\":{\"@type\":\"EntryPoint\",\"urlTemplate\":\"https:\/\/www.persavictormanuel.cl\/?s={search_term_string}\"},\"query-input\":{\"@type\":\"PropertyValueSpecification\",\"valueRequired\":true,\"valueName\":\"search_term_string\"}}],\"inLanguage\":\"en-US\"},{\"@type\":\"Organization\",\"@id\":\"https:\/\/www.persavictormanuel.cl\/#organization\",\"name\":\"Persa Victor Manuel\",\"url\":\"https:\/\/www.persavictormanuel.cl\/\",\"logo\":{\"@type\":\"ImageObject\",\"inLanguage\":\"en-US\",\"@id\":\"https:\/\/www.persavictormanuel.cl\/#\/schema\/logo\/image\/\",\"url\":\"https:\/\/www.persavictormanuel.cl\/wp-content\/uploads\/2023\/12\/logo_resize.png\",\"contentUrl\":\"https:\/\/www.persavictormanuel.cl\/wp-content\/uploads\/2023\/12\/logo_resize.png\",\"width\":194,\"height\":196,\"caption\":\"Persa Victor Manuel\"},\"image\":{\"@id\":\"https:\/\/www.persavictormanuel.cl\/#\/schema\/logo\/image\/\"},\"sameAs\":[\"https:\/\/www.instagram.com\/persavictormanuel\/\"]}]}<\/script>\n<!-- \/ Yoast SEO plugin. -->","yoast_head_json":{"title":"Historia - Persa Victor Manuel","robots":{"index":"index","follow":"follow","max-snippet":"max-snippet:-1","max-image-preview":"max-image-preview:large","max-video-preview":"max-video-preview:-1"},"canonical":"https:\/\/www.persavictormanuel.cl\/en\/historiav2\/","og_locale":"en_US","og_type":"article","og_title":"Historia - Persa Victor Manuel","og_description":"El rey de los Persas \u00c9rase una vez, en 1917, en el popular y conocido Barrio Matadero Franklin, exist\u00eda un edificio de grandes galpones que albergaba una f\u00e1brica de curtiembre y zapatos caracter\u00edstica de la \u00e9poca. A comienzos de la d\u00e9cada de 1980, esta f\u00e1brica ces\u00f3 su producci\u00f3n y se establecieron mercados informales alrededor de este edificio como consecuencia de una fuerte crisis econ\u00f3mica que se desat\u00f3 en Chile. La sociedad chilena de la \u00e9poca, marcada por el mando del Gobierno Militar, se enfrentaba a un escenario de muchos cambios, incertidumbre y la crisis econ\u00f3mica de 1982 trajo consigo altas tasas de desempleo. Este contexto pol\u00edtico-econ\u00f3mico y social signific\u00f3 que estos mercados informales crecieran cada vez m\u00e1s. En ese entonces, la f\u00e1brica fue rematada y los nuevos propietarios del edificio decidieron abrir sus puertas al comercio ambulante, transform\u00e1ndose en un lugar que recibi\u00f3 a cientos de vendedores, artesanos, cachureros, emprendedores del siglo XX, situ\u00e1ndose como el primer persa que se instal\u00f3 en el barrio. En un inicio y durante mucho tiempo, los comerciantes y emprendedores instalaban sus productos en el suelo, que eran principalmente cachureos, antig\u00fcedades y restauraciones, encontrando en este galp\u00f3n un refugio para los d\u00edas de calor y de lluvia, y un lugar seguro para resguardar su mercader\u00eda. Sus pasillos se llenaron de vida y colores, marcando el comienzo no s\u00f3lo de una d\u00e9cada especial en nuestro pa\u00eds, sino de un lugar hist\u00f3rico, ic\u00f3nico, y \u00fanico, que se ha caracterizado \u2013hasta el d\u00eda de hoy- por el hecho de que en \u00e9l podemos encontrar de todo: antig\u00fcedades, l\u00e1mparas, muebles, revistas de anta\u00f1o, estampillas, libros inimaginables, y un sinf\u00edn de productos de colecci\u00f3n. Una puerta abierta al pasado, un lugar donde se detiene el tiempo, un ba\u00fal lleno de reliquias y tesoros de otra \u00e9poca, raz\u00f3n principal por la cual ha sido llamado por los visitantes como \u201cel galp\u00f3n de los anticuarios\u201d. Con el paso de los a\u00f1os, comenzaron a instalarse otros \u201cmercados persas\u201d en el sector, siguiendo el modelo instaurado por el Persa V\u00edctor Manuel cuya esencia se ha mantenido, y al mismo tiempo, se ha ido renovando. Su popularidad ha crecido y el nombre \u201cPersa V\u00edctor Manuel\u201d resuena, siempre, como un espacio m\u00e1gico y legendario. Las puertas tambi\u00e9n se han abierto al mundo del arte, siendo el primer persa en incorporar las actividades culturales y el arte urbano a su recorrido. La consecuente recuperaci\u00f3n y revitalizaci\u00f3n de espacios adem\u00e1s ha dado paso a que este edificio de galpones se haya fortalecido como un punto de reuni\u00f3n, de encuentros, de expresiones art\u00edsticas y un panorama imperdible de fin de semana cuya particularidad se mantiene intacta. Los locatarios son el alma de este lugar, han sido part\u00edcipes y c\u00f3mplices del crecimiento de este espacio inigualable. La trayectoria, el impulso y el reconocimiento del Persa V\u00edctor Manuel han convertido a este gran galp\u00f3n en un modelo a seguir, destac\u00e1ndose entre los cientos de galpones persas existentes en nuestro pa\u00eds y en el mundo. Alzando la voz, resonando en las calles, en la prensa, en el barrio, por su trayectoria, por ser los primeros, por sus colores, por su gente, coron\u00e1ndose como el rey de la cultura persa que trasciende \u00e9pocas y que sigue construyendo historias que nos marcar\u00e1n para siempre.","og_url":"https:\/\/www.persavictormanuel.cl\/en\/historiav2\/","og_site_name":"Persa Victor Manuel","og_image":[{"width":588,"height":706,"url":"https:\/\/www.persavictormanuel.cl\/wp-content\/uploads\/2022\/02\/foto1_nuestrahistoria.png","type":"image\/png"}],"twitter_card":"summary_large_image","twitter_misc":{"Est. reading time":"3 minutes"},"schema":{"@context":"https:\/\/schema.org","@graph":[{"@type":"WebPage","@id":"https:\/\/www.persavictormanuel.cl\/historiav2\/","url":"https:\/\/www.persavictormanuel.cl\/historiav2\/","name":"Historia - Persa Victor Manuel","isPartOf":{"@id":"https:\/\/www.persavictormanuel.cl\/#website"},"primaryImageOfPage":{"@id":"https:\/\/www.persavictormanuel.cl\/historiav2\/#primaryimage"},"image":{"@id":"https:\/\/www.persavictormanuel.cl\/historiav2\/#primaryimage"},"thumbnailUrl":"https:\/\/www.persavictormanuel.cl\/wp-content\/uploads\/2022\/02\/foto1_nuestrahistoria.png","datePublished":"2022-02-22T18:50:59+00:00","breadcrumb":{"@id":"https:\/\/www.persavictormanuel.cl\/historiav2\/#breadcrumb"},"inLanguage":"en-US","potentialAction":[{"@type":"ReadAction","target":["https:\/\/www.persavictormanuel.cl\/historiav2\/"]}]},{"@type":"ImageObject","inLanguage":"en-US","@id":"https:\/\/www.persavictormanuel.cl\/historiav2\/#primaryimage","url":"https:\/\/www.persavictormanuel.cl\/wp-content\/uploads\/2022\/02\/foto1_nuestrahistoria.png","contentUrl":"https:\/\/www.persavictormanuel.cl\/wp-content\/uploads\/2022\/02\/foto1_nuestrahistoria.png"},{"@type":"BreadcrumbList","@id":"https:\/\/www.persavictormanuel.cl\/historiav2\/#breadcrumb","itemListElement":[{"@type":"ListItem","position":1,"name":"Portada","item":"https:\/\/www.persavictormanuel.cl\/"},{"@type":"ListItem","position":2,"name":"Historia"}]},{"@type":"WebSite","@id":"https:\/\/www.persavictormanuel.cl\/#website","url":"https:\/\/www.persavictormanuel.cl\/","name":"Persa Victor Manuel","description":"","publisher":{"@id":"https:\/\/www.persavictormanuel.cl\/#organization"},"potentialAction":[{"@type":"SearchAction","target":{"@type":"EntryPoint","urlTemplate":"https:\/\/www.persavictormanuel.cl\/?s={search_term_string}"},"query-input":{"@type":"PropertyValueSpecification","valueRequired":true,"valueName":"search_term_string"}}],"inLanguage":"en-US"},{"@type":"Organization","@id":"https:\/\/www.persavictormanuel.cl\/#organization","name":"Persa Victor Manuel","url":"https:\/\/www.persavictormanuel.cl\/","logo":{"@type":"ImageObject","inLanguage":"en-US","@id":"https:\/\/www.persavictormanuel.cl\/#\/schema\/logo\/image\/","url":"https:\/\/www.persavictormanuel.cl\/wp-content\/uploads\/2023\/12\/logo_resize.png","contentUrl":"https:\/\/www.persavictormanuel.cl\/wp-content\/uploads\/2023\/12\/logo_resize.png","width":194,"height":196,"caption":"Persa Victor Manuel"},"image":{"@id":"https:\/\/www.persavictormanuel.cl\/#\/schema\/logo\/image\/"},"sameAs":["https:\/\/www.instagram.com\/persavictormanuel\/"]}]}},"_links":{"self":[{"href":"https:\/\/www.persavictormanuel.cl\/en\/wp-json\/wp\/v2\/pages\/3486","targetHints":{"allow":["GET"]}}],"collection":[{"href":"https:\/\/www.persavictormanuel.cl\/en\/wp-json\/wp\/v2\/pages"}],"about":[{"href":"https:\/\/www.persavictormanuel.cl\/en\/wp-json\/wp\/v2\/types\/page"}],"author":[{"embeddable":true,"href":"https:\/\/www.persavictormanuel.cl\/en\/wp-json\/wp\/v2\/users\/2"}],"replies":[{"embeddable":true,"href":"https:\/\/www.persavictormanuel.cl\/en\/wp-json\/wp\/v2\/comments?post=3486"}],"version-history":[{"count":0,"href":"https:\/\/www.persavictormanuel.cl\/en\/wp-json\/wp\/v2\/pages\/3486\/revisions"}],"wp:attachment":[{"href":"https:\/\/www.persavictormanuel.cl\/en\/wp-json\/wp\/v2\/media?parent=3486"}],"curies":[{"name":"wp","href":"https:\/\/api.w.org\/{rel}","templated":true}]}}