{"id":317,"date":"2018-09-05T12:59:05","date_gmt":"2018-09-05T12:59:05","guid":{"rendered":"http:\/\/3.235.9.173\/about-us\/"},"modified":"2025-10-22T23:04:22","modified_gmt":"2025-10-22T20:04:22","slug":"historia","status":"publish","type":"page","link":"https:\/\/www.persavictormanuel.cl\/en\/historia\/","title":{"rendered":"Our History"},"content":{"rendered":"<div class=\"wpb-content-wrapper\"><!-- CWS Row --><div class=\"cws-content\" style=\"background-repeat:repeat;background-size:initial;background-attachment:scroll;background-position:0% 0%;\"><div class=\"cws_extra_wrapper\"><div data-vc-full-width=\"true\" data-vc-full-width-init=\"false\" class=\"vc_row wpb_row vc_row-fluid cws_stretch_row cws-layer\"><div style='\t\t\t\t\t\tleft:0%;\t\t\t\t\t\t width:100% !important;\t\t\t\t\t\t height:20% !important;\t\t\t\t\t\t\t\t\t\t\t\t background-position:center center;\t\t\t\t\t\t background-repeat:repeat;\t\t\t\t\t\t\t\t\t\t\t'><\/div><div class=\"vc_row-full-width vc_clearfix\" style=\"color: red !important;\"><\/div><\/div><div class='vc_row-full-width vc_clearfix'><\/div><div data-vc-full-width=\"true\" data-vc-full-width-temp=\"true\" data-vc-full-width-init=\"false\" class=\"vc_row wpb_row vc_row-fluid\"><div class=\"wpb_column vc_column_container vc_col-sm-12 cws-column\"><div class=\"cws_vc_column-inner\"><div class=\"wpb_column vc_column_container vc_col-sm-12\"><div class=\"vc_column-inner\"><div class=\"wpb_wrapper\"><div class=\"cws_spacing cws_spacing_size_sm_desctop-on cws_spacing_tablet-on cws_spacing_mobile-on\"><div class=\"cws_spacing cws_spacing_default\" style=\"height:80px;\"><\/div> <div class=\"cws_spacing cws_spacing_size_sm_desctop\" style=\"height:80px;\"><\/div> <div class=\"cws_spacing cws_spacing_tablet\" style=\"height:50px;\"><\/div> <div class=\"cws_spacing cws_spacing_mobile\" style=\"height:50px;\"><\/div><\/div><div class='cws_textmodule cws_vc_shortcode_module  vc_custom_1756651822658' id='cws_textmodule_69e2e223e0a64'><div class='cws_textmodule_wrapper'><div class='cws_textmodule_text text_align_center'><div class='cws_textmodule_titles'><div class='cws_textmodule_subtitle_wrapper with_decor'><span class='subtitile_left_decor'><\/span><h4 class='cws_textmodule_subtitle'>PERSA VICTOR MANUEL<\/h4><span class='subtitile_right_decor'><\/span><\/div><h3 class='cws_textmodule_title large'>THE KING OF THE PERSIANS<\/h3><\/div><\/div><\/div><\/div><\/div><\/div><\/div><!-- CWS Column --> <\/div><\/div><\/div><div class=\"vc_row-full-width vc_clearfix\"><\/div><\/div><\/div><!-- CWS Row --><div class=\"cws-content\" style=\"background-repeat:repeat;background-size:initial;background-attachment:scroll;background-position:0% 0%;\"><div class=\"cws_extra_wrapper\"><div class=\"vc_row wpb_row vc_row-fluid vc_custom_1536671186699 vc_row-o-equal-height vc_row-flex\"><div class=\"wpb_column vc_column_container vc_col-sm-5 cws-column\"><div class=\"cws_vc_column-inner\"><div class=\"wpb_column vc_column_container vc_col-sm-5\"><div class=\"vc_column-inner\"><div class=\"wpb_wrapper\"><div class='cws_textmodule cws_vc_shortcode_module' id='cws_textmodule_69e2e223e0ea8'><div class='cws_textmodule_wrapper'><div class='cws_textmodule_text text_align_left'><div class='cws_textmodule_titles'><h3 class='cws_textmodule_title with_bg small'>Once upon a time, in 1917, in the popular and well-known Barrio Matadero Franklin, there was a building with large sheds that housed a tannery and shoe factory characteristic of the time.<\/h3><\/div><div class='cws_textmodule_content'><div class='text_content_wrapper'><p class=\"roboto has-black-color has-text-color\"><strong>In the early 1980s, this factory ceased production and informal markets were established around this building as a result of a severe economic crisis in Chile.<\/strong><\/p>\n<p class=\"roboto has-black-color has-text-color\">Chilean society at the time, marked by the rule of the military government, was facing a scenario of many changes, uncertainty and the economic crisis of 1982 brought with it high unemployment rates. This political-economic and social context meant that these informal markets grew more and more.<\/p>\n<p class=\"roboto has-black-color has-text-color\">At that time, the factory was auctioned and the new owners of the building decided to open its doors to the street trade, becoming a place that received hundreds of vendors, craftsmen, cachureros, entrepreneurs of the twentieth century, becoming the first Persian that was installed in the neighborhood.<\/p>\n<\/div><\/div><\/div><\/div><\/div><div class=\"cws_spacing cws_spacing_size_sm_desctop-on cws_spacing_tablet-on cws_spacing_mobile-on\"><div class=\"cws_spacing cws_spacing_default\" style=\"height:0px;\"><\/div> <div class=\"cws_spacing cws_spacing_size_sm_desctop\" style=\"height:0px;\"><\/div> <div class=\"cws_spacing cws_spacing_tablet\" style=\"height:0px;\"><\/div> <div class=\"cws_spacing cws_spacing_mobile\" style=\"height:20px;\"><\/div><\/div><\/div><\/div><\/div><!-- CWS Column --> <\/div><\/div><div class=\"wpb_column vc_column_container vc_col-sm-7 vc_col-has-fill vc_col_custom_border cws-column\" style='background-repeat:no-repeat;background-size:cover;background-position:50% 50%;'><div class=\"cws_vc_column-inner vc_custom_1752694744179\"><div data-vc-parallax=\"1.5\" class=\"wpb_column vc_column_container vc_col-sm-7 vc_col-has-fill vc_general vc_parallax vc_parallax-content-moving\"><div class=\"vc_column-inner vc_custom_1752694744179\"><div class=\"wpb_wrapper\"><\/div><\/div><\/div><!-- CWS Column --> <\/div><\/div><\/div><\/div><\/div><!-- CWS Row --><div class=\"cws-content\" style=\"background-repeat:repeat;background-size:initial;background-attachment:scroll;background-position:0% 0%;\"><div class=\"cws_extra_wrapper\"><div class=\"vc_row wpb_row vc_row-fluid vc_custom_1536671186699 vc_row-o-equal-height vc_row-flex\"><div class=\"wpb_column vc_column_container vc_col-sm-7 vc_col-has-fill vc_col_custom_border cws-column\" style='background-repeat:no-repeat;background-size:cover;background-position:50% 50%;'><div class=\"cws_vc_column-inner vc_custom_1752697475905\"><div data-vc-parallax=\"1.5\" class=\"wpb_column vc_column_container vc_col-sm-7 vc_col-has-fill vc_general vc_parallax vc_parallax-content-moving\"><div class=\"vc_column-inner vc_custom_1752697475905\"><div class=\"wpb_wrapper\"><\/div><\/div><\/div><!-- CWS Column --> <\/div><\/div><div class=\"wpb_column vc_column_container vc_col-sm-5 cws-column\"><div class=\"cws_vc_column-inner\"><div class=\"wpb_column vc_column_container vc_col-sm-5\"><div class=\"vc_column-inner\"><div class=\"wpb_wrapper\"><div class='cws_textmodule cws_vc_shortcode_module' id='cws_textmodule_69e2e223e157c'><div class='cws_textmodule_wrapper'><div class='cws_textmodule_text text_align_left'><div class='cws_textmodule_titles'><h3 class='cws_textmodule_title with_bg small'>In the beginning and for a long time, merchants and entrepreneurs installed their products on the ground, which were mainly junk, antiques and restorations, finding in this shed a shelter for hot and rainy days, and a safe place to protect their merchandise.<\/h3><\/div><div class='cws_textmodule_content'><div class='text_content_wrapper'><p class=\"roboto has-black-color has-text-color\">Its corridors were filled with life and colors, marking the beginning not only of a special decade in our country, but of a historic, iconic and unique place, which has been characterized -until today- by the fact that in it we can find everything: antiques, lamps, furniture, old magazines, stamps, unimaginable books, and an endless number of collector's items.<\/p>\n<\/div><\/div><\/div><\/div><\/div><div class=\"cws_spacing cws_spacing_size_sm_desctop-on cws_spacing_tablet-on cws_spacing_mobile-on\"><div class=\"cws_spacing cws_spacing_default\" style=\"height:0px;\"><\/div> <div class=\"cws_spacing cws_spacing_size_sm_desctop\" style=\"height:0px;\"><\/div> <div class=\"cws_spacing cws_spacing_tablet\" style=\"height:0px;\"><\/div> <div class=\"cws_spacing cws_spacing_mobile\" style=\"height:20px;\"><\/div><\/div><\/div><\/div><\/div><!-- CWS Column --> <\/div><\/div><\/div><\/div><\/div><!-- CWS Row --><div class=\"cws-content\" style=\"background-repeat:repeat;background-size:initial;background-attachment:scroll;background-position:0% 0%;\"><div class=\"cws_extra_wrapper\"><div class=\"vc_row wpb_row vc_row-fluid vc_custom_1536671186699 vc_row-o-equal-height vc_row-flex\"><div class=\"wpb_column vc_column_container vc_col-sm-12 cws-column\"><div class=\"cws_vc_column-inner\"><div class=\"wpb_column vc_column_container vc_col-sm-12\"><div class=\"vc_column-inner\"><div class=\"wpb_wrapper\">\n\t<div class=\"wpb_text_column wpb_content_element\" >\n\t\t<div class=\"wpb_wrapper\">\n\t\t\t<h3 class=\"roboto has-text-color wp-block-heading\" style=\"color: #de0512\">An open door to the past, a place where time stands still, a trunk full of relics and treasures from another era, the main reason why it has been called by visitors as \"the antique dealers' shed\".<\/h3>\n<p>&nbsp;<\/p>\n\n\t\t<\/div>\n\t<\/div>\n<\/div><\/div><\/div><!-- CWS Column --> <\/div><\/div><div class=\"wpb_column vc_column_container vc_col-sm-5 cws-column\"><div class=\"cws_vc_column-inner\"><div class=\"wpb_column vc_column_container vc_col-sm-5\"><div class=\"vc_column-inner\"><div class=\"wpb_wrapper\"><div class='cws_textmodule cws_vc_shortcode_module' id='cws_textmodule_69e2e223e1ba3'><div class='cws_textmodule_wrapper'><div class='cws_textmodule_text text_align_left'><div class='cws_textmodule_titles'><h3 class='cws_textmodule_title with_bg small'>Con el paso de los a\u00f1os, comenzaron a instalarse otros \u201cmercados persas\u201d en el sector, siguiendo el modelo instaurado por el Persa V\u00edctor Manuel cuya esencia se ha mantenido y al mismo tiempo, se ha ido renovando.<\/h3><\/div><div class='cws_textmodule_content'><div class='text_content_wrapper'><p>Su popularidad ha crecido y el nombre \u201cPersa V\u00edctor Manuel\u201d resuena, siempre, como un espacio m\u00e1gico y legendario. Las puertas tambi\u00e9n se han abierto al mundo del arte, siendo el primer persa en incorporar las actividades culturales y el arte urbano a su recorrido.<\/p>\n<p class=\"roboto has-black-color has-text-color\">The consequent recovery and revitalization of spaces has also given way to the fact that this building of sheds has been strengthened as a meeting point for artistic expressions and an unmissable weekend panorama whose particularity remains intact.<\/p>\n<p class=\"roboto has-black-color has-text-color\"><strong>The tenants are the soul of this place, they have been participants and accomplices in the growth of this unique space. The trajectory, the impulse and the recognition of the Persian Victor Manuel have turned this great shed into a model to follow, standing out among the hundreds of Persian sheds existing in our country and in the world.<\/strong><\/p>\n<p class=\"roboto has-black-color has-text-color\">Raising their voices, resounding in the streets, in the press, in the neighborhood, for their trajectory, for being the first, for their colors, for their people, crowning themselves as the king of Persian culture that transcends epochs and continues to build stories that will mark us forever.<\/p>\n<\/div><\/div><\/div><\/div><\/div><div class=\"cws_spacing cws_spacing_size_sm_desctop-on cws_spacing_tablet-on cws_spacing_mobile-on\"><div class=\"cws_spacing cws_spacing_default\" style=\"height:0px;\"><\/div> <div class=\"cws_spacing cws_spacing_size_sm_desctop\" style=\"height:0px;\"><\/div> <div class=\"cws_spacing cws_spacing_tablet\" style=\"height:0px;\"><\/div> <div class=\"cws_spacing cws_spacing_mobile\" style=\"height:20px;\"><\/div><\/div><\/div><\/div><\/div><!-- CWS Column --> <\/div><\/div><div class=\"wpb_column vc_column_container vc_col-sm-7 vc_col-has-fill vc_col_custom_border cws-column\" style='background-repeat:no-repeat;background-size:contain;background-position:50% 50%;'><div class=\"cws_vc_column-inner vc_custom_1761163283855\"><div data-vc-parallax=\"1.5\" class=\"wpb_column vc_column_container vc_col-sm-7 vc_col-has-fill vc_general vc_parallax vc_parallax-content-moving\"><div class=\"vc_column-inner vc_custom_1761163283855\"><div class=\"wpb_wrapper\"><\/div><\/div><\/div><!-- CWS Column --> <\/div><\/div><\/div><\/div><\/div><!-- CWS Row --><div class=\"cws-content\" style=\"background-repeat:repeat;background-size:initial;background-attachment:scroll;background-position:0% 0%;\"><div class=\"cws_extra_wrapper\"><div data-vc-full-width=\"true\" data-vc-full-width-init=\"false\" class=\"vc_row wpb_row vc_row-fluid cws_stretch_row cws-layer\"><div style='\t\t\t\t\t\tleft:0%;\t\t\t\t\t\t width:100% !important;\t\t\t\t\t\t height:91% !important;\t\t\t\t\t\t\t\t\t\t\t\t background-position:center center;\t\t\t\t\t\t background-repeat:repeat;\t\t\t\t\t\t\t\t\t\t\t'><\/div><div class=\"vc_row-full-width vc_clearfix\" style=\"color: red !important;\"><\/div><\/div><div class='vc_row-full-width vc_clearfix'><\/div><div data-vc-full-width=\"true\" data-vc-full-width-temp=\"true\" data-vc-full-width-init=\"false\" class=\"vc_row wpb_row vc_row-fluid\"><div class=\"wpb_column vc_column_container vc_col-sm-12 cws-column\"><div class=\"cws_vc_column-inner\"><div class=\"wpb_column vc_column_container vc_col-sm-12\"><div class=\"vc_column-inner\"><div class=\"wpb_wrapper\"><\/div><\/div><\/div><!-- CWS Column --> <\/div><\/div><\/div><div class=\"vc_row-full-width vc_clearfix\"><\/div><\/div><\/div><!-- CWS Row --><div class=\"cws-content\" style=\"background-repeat:repeat;background-size:initial;background-attachment:scroll;background-position:0% 0%;\"><div class=\"cws_extra_wrapper\"><div class=\"vc_row wpb_row vc_row-fluid\"><div class=\"wpb_column vc_column_container vc_col-sm-12 cws-column\"><div class=\"cws_vc_column-inner\"><div class=\"wpb_column vc_column_container vc_col-sm-12\"><div class=\"vc_column-inner\"><div class=\"wpb_wrapper\"><div class=\"cws_spacing cws_spacing_size_sm_desctop-on cws_spacing_tablet-on cws_spacing_mobile-on\"><div class=\"cws_spacing cws_spacing_default\" style=\"height:140px;\"><\/div> <div class=\"cws_spacing cws_spacing_size_sm_desctop\" style=\"height:140px;\"><\/div> <div class=\"cws_spacing cws_spacing_tablet\" style=\"height:100px;\"><\/div> <div class=\"cws_spacing cws_spacing_mobile\" style=\"height:50px;\"><\/div><\/div><\/div><\/div><\/div><!-- CWS Column --> <\/div><\/div><\/div><\/div><\/div>\n<\/div>","protected":false},"excerpt":{"rendered":"PERSA VICTOR MANUELEL REY DE LOS PERSAS \u00c9rase una vez, en 1917, en el popular y conocido Barrio Matadero Franklin, exist\u00eda un edificio de grandes galpones que albergaba una f\u00e1brica de curtiembre y zapatos caracter\u00edstica de la \u00e9poca. A comienzos de la d\u00e9cada de 1980, esta f\u00e1brica ces\u00f3 su producci\u00f3n y se establecieron mercados informales alrededor de este edificio como consecuencia de una fuerte crisis econ\u00f3mica que se desat\u00f3 en Chile. La sociedad chilena de la \u00e9poca, marcada por el mando del Gobierno Militar, se enfrentaba a un escenario de muchos cambios, incertidumbre y la crisis econ\u00f3mica de 1982 trajo consigo altas tasas de desempleo. Este contexto pol\u00edtico-econ\u00f3mico y social signific\u00f3 que estos mercados informales crecieran cada vez m\u00e1s. En ese entonces, la f\u00e1brica fue rematada y los nuevos propietarios del edificio decidieron abrir sus puertas al comercio ambulante, transform\u00e1ndose en un lugar que recibi\u00f3 a cientos de vendedores, artesanos, cachureros, emprendedores del siglo XX, situ\u00e1ndose como el primer persa que se instal\u00f3 en el barrio. En un inicio y durante mucho tiempo, los comerciantes y emprendedores instalaban sus productos en el suelo, que eran principalmente cachureos, antig\u00fcedades y restauraciones, encontrando en este galp\u00f3n un refugio para los d\u00edas de calor y de lluvia, y un lugar seguro para resguardar su mercader\u00eda. Sus pasillos se llenaron de vida y colores, marcando el comienzo no s\u00f3lo de una d\u00e9cada especial en nuestro pa\u00eds, sino de un lugar hist\u00f3rico, ic\u00f3nico, y \u00fanico, que se ha caracterizado \u2013hasta el d\u00eda de hoy- por el hecho de que en \u00e9l podemos encontrar de todo: antig\u00fcedades, l\u00e1mparas, muebles, revistas de anta\u00f1o, estampillas, libros inimaginables, y un sinf\u00edn de productos de colecci\u00f3n. Una puerta abierta al pasado, un lugar donde se detiene el tiempo, un ba\u00fal lleno de reliquias y tesoros de otra \u00e9poca, raz\u00f3n principal por la cual ha sido llamado por los visitantes como \u201cel galp\u00f3n de los anticuarios\u201d. &nbsp; Con el paso de los a\u00f1os, comenzaron a instalarse otros \u201cmercados persas\u201d en el sector, siguiendo el modelo instaurado por el Persa V\u00edctor Manuel cuya esencia se ha mantenido y al mismo tiempo, se ha ido renovando.Su popularidad ha crecido y el nombre \u201cPersa V\u00edctor Manuel\u201d resuena, siempre, como un espacio m\u00e1gico y legendario. Las puertas tambi\u00e9n se han abierto al mundo del arte, siendo el primer persa en incorporar las actividades culturales y el arte urbano a su recorrido. La consecuente recuperaci\u00f3n y revitalizaci\u00f3n de espacios adem\u00e1s ha dado paso a que este edificio de galpones se haya fortalecido como un punto de reuni\u00f3n, de encuentros, de expresiones art\u00edsticas y un panorama imperdible de fin de semana cuya particularidad se mantiene intacta. Los locatarios son el alma de este lugar, han sido part\u00edcipes y c\u00f3mplices del crecimiento de este espacio inigualable. La trayectoria, el impulso y el reconocimiento del Persa V\u00edctor Manuel han convertido a este gran galp\u00f3n en un modelo a seguir, destac\u00e1ndose entre los cientos de galpones persas existentes en nuestro pa\u00eds y en el mundo. Alzando la voz, resonando en las calles, en la prensa, en el barrio, por su trayectoria, por ser los primeros, por sus colores, por su gente, coron\u00e1ndose como el rey de la cultura persa que trasciende \u00e9pocas y que sigue construyendo historias que nos marcar\u00e1n para siempre.","protected":false},"author":1,"featured_media":2221,"parent":0,"menu_order":0,"comment_status":"closed","ping_status":"closed","template":"","meta":{"footnotes":""},"class_list":["post-317","page","type-page","status-publish","has-post-thumbnail","hentry"],"yoast_head":"<!-- This site is optimized with the Yoast SEO plugin v26.5 - https:\/\/yoast.com\/wordpress\/plugins\/seo\/ -->\n<title>Nuestra Historia - Persa Victor Manuel<\/title>\n<meta name=\"robots\" content=\"index, follow, max-snippet:-1, max-image-preview:large, max-video-preview:-1\" \/>\n<link rel=\"canonical\" href=\"https:\/\/www.persavictormanuel.cl\/en\/historia\/\" \/>\n<meta property=\"og:locale\" content=\"en_US\" \/>\n<meta property=\"og:type\" content=\"article\" \/>\n<meta property=\"og:title\" content=\"Nuestra Historia - Persa Victor Manuel\" \/>\n<meta property=\"og:url\" content=\"https:\/\/www.persavictormanuel.cl\/en\/historia\/\" \/>\n<meta property=\"og:site_name\" content=\"Persa Victor Manuel\" \/>\n<meta property=\"article:modified_time\" content=\"2025-10-22T20:04:22+00:00\" \/>\n<meta property=\"og:image\" content=\"https:\/\/www.persavictormanuel.cl\/wp-content\/uploads\/2019\/10\/foto_3.jpg\" \/>\n\t<meta property=\"og:image:width\" content=\"1000\" \/>\n\t<meta property=\"og:image:height\" content=\"561\" \/>\n\t<meta property=\"og:image:type\" content=\"image\/jpeg\" \/>\n<meta name=\"twitter:card\" content=\"summary_large_image\" \/>\n<meta name=\"twitter:label1\" content=\"Est. reading time\" \/>\n\t<meta name=\"twitter:data1\" content=\"5 minutes\" \/>\n<script type=\"application\/ld+json\" class=\"yoast-schema-graph\">{\"@context\":\"https:\/\/schema.org\",\"@graph\":[{\"@type\":\"WebPage\",\"@id\":\"https:\/\/www.persavictormanuel.cl\/historia\/\",\"url\":\"https:\/\/www.persavictormanuel.cl\/historia\/\",\"name\":\"Nuestra Historia - Persa Victor Manuel\",\"isPartOf\":{\"@id\":\"https:\/\/www.persavictormanuel.cl\/#website\"},\"primaryImageOfPage\":{\"@id\":\"https:\/\/www.persavictormanuel.cl\/historia\/#primaryimage\"},\"image\":{\"@id\":\"https:\/\/www.persavictormanuel.cl\/historia\/#primaryimage\"},\"thumbnailUrl\":\"https:\/\/www.persavictormanuel.cl\/wp-content\/uploads\/2019\/10\/foto_3.jpg\",\"datePublished\":\"2018-09-05T12:59:05+00:00\",\"dateModified\":\"2025-10-22T20:04:22+00:00\",\"breadcrumb\":{\"@id\":\"https:\/\/www.persavictormanuel.cl\/historia\/#breadcrumb\"},\"inLanguage\":\"en-US\",\"potentialAction\":[{\"@type\":\"ReadAction\",\"target\":[\"https:\/\/www.persavictormanuel.cl\/historia\/\"]}]},{\"@type\":\"ImageObject\",\"inLanguage\":\"en-US\",\"@id\":\"https:\/\/www.persavictormanuel.cl\/historia\/#primaryimage\",\"url\":\"https:\/\/www.persavictormanuel.cl\/wp-content\/uploads\/2019\/10\/foto_3.jpg\",\"contentUrl\":\"https:\/\/www.persavictormanuel.cl\/wp-content\/uploads\/2019\/10\/foto_3.jpg\",\"width\":1000,\"height\":561},{\"@type\":\"BreadcrumbList\",\"@id\":\"https:\/\/www.persavictormanuel.cl\/historia\/#breadcrumb\",\"itemListElement\":[{\"@type\":\"ListItem\",\"position\":1,\"name\":\"Portada\",\"item\":\"https:\/\/www.persavictormanuel.cl\/\"},{\"@type\":\"ListItem\",\"position\":2,\"name\":\"Nuestra Historia\"}]},{\"@type\":\"WebSite\",\"@id\":\"https:\/\/www.persavictormanuel.cl\/#website\",\"url\":\"https:\/\/www.persavictormanuel.cl\/\",\"name\":\"Persa Victor Manuel\",\"description\":\"\",\"publisher\":{\"@id\":\"https:\/\/www.persavictormanuel.cl\/#organization\"},\"potentialAction\":[{\"@type\":\"SearchAction\",\"target\":{\"@type\":\"EntryPoint\",\"urlTemplate\":\"https:\/\/www.persavictormanuel.cl\/?s={search_term_string}\"},\"query-input\":{\"@type\":\"PropertyValueSpecification\",\"valueRequired\":true,\"valueName\":\"search_term_string\"}}],\"inLanguage\":\"en-US\"},{\"@type\":\"Organization\",\"@id\":\"https:\/\/www.persavictormanuel.cl\/#organization\",\"name\":\"Persa Victor Manuel\",\"url\":\"https:\/\/www.persavictormanuel.cl\/\",\"logo\":{\"@type\":\"ImageObject\",\"inLanguage\":\"en-US\",\"@id\":\"https:\/\/www.persavictormanuel.cl\/#\/schema\/logo\/image\/\",\"url\":\"https:\/\/www.persavictormanuel.cl\/wp-content\/uploads\/2023\/12\/logo_resize.png\",\"contentUrl\":\"https:\/\/www.persavictormanuel.cl\/wp-content\/uploads\/2023\/12\/logo_resize.png\",\"width\":194,\"height\":196,\"caption\":\"Persa Victor Manuel\"},\"image\":{\"@id\":\"https:\/\/www.persavictormanuel.cl\/#\/schema\/logo\/image\/\"},\"sameAs\":[\"https:\/\/www.instagram.com\/persavictormanuel\/\"]}]}<\/script>\n<!-- \/ Yoast SEO plugin. -->","yoast_head_json":{"title":"Nuestra Historia - Persa Victor Manuel","robots":{"index":"index","follow":"follow","max-snippet":"max-snippet:-1","max-image-preview":"max-image-preview:large","max-video-preview":"max-video-preview:-1"},"canonical":"https:\/\/www.persavictormanuel.cl\/en\/historia\/","og_locale":"en_US","og_type":"article","og_title":"Nuestra Historia - Persa Victor Manuel","og_url":"https:\/\/www.persavictormanuel.cl\/en\/historia\/","og_site_name":"Persa Victor Manuel","article_modified_time":"2025-10-22T20:04:22+00:00","og_image":[{"width":1000,"height":561,"url":"https:\/\/www.persavictormanuel.cl\/wp-content\/uploads\/2019\/10\/foto_3.jpg","type":"image\/jpeg"}],"twitter_card":"summary_large_image","twitter_misc":{"Est. reading time":"5 minutes"},"schema":{"@context":"https:\/\/schema.org","@graph":[{"@type":"WebPage","@id":"https:\/\/www.persavictormanuel.cl\/historia\/","url":"https:\/\/www.persavictormanuel.cl\/historia\/","name":"Nuestra Historia - Persa Victor Manuel","isPartOf":{"@id":"https:\/\/www.persavictormanuel.cl\/#website"},"primaryImageOfPage":{"@id":"https:\/\/www.persavictormanuel.cl\/historia\/#primaryimage"},"image":{"@id":"https:\/\/www.persavictormanuel.cl\/historia\/#primaryimage"},"thumbnailUrl":"https:\/\/www.persavictormanuel.cl\/wp-content\/uploads\/2019\/10\/foto_3.jpg","datePublished":"2018-09-05T12:59:05+00:00","dateModified":"2025-10-22T20:04:22+00:00","breadcrumb":{"@id":"https:\/\/www.persavictormanuel.cl\/historia\/#breadcrumb"},"inLanguage":"en-US","potentialAction":[{"@type":"ReadAction","target":["https:\/\/www.persavictormanuel.cl\/historia\/"]}]},{"@type":"ImageObject","inLanguage":"en-US","@id":"https:\/\/www.persavictormanuel.cl\/historia\/#primaryimage","url":"https:\/\/www.persavictormanuel.cl\/wp-content\/uploads\/2019\/10\/foto_3.jpg","contentUrl":"https:\/\/www.persavictormanuel.cl\/wp-content\/uploads\/2019\/10\/foto_3.jpg","width":1000,"height":561},{"@type":"BreadcrumbList","@id":"https:\/\/www.persavictormanuel.cl\/historia\/#breadcrumb","itemListElement":[{"@type":"ListItem","position":1,"name":"Portada","item":"https:\/\/www.persavictormanuel.cl\/"},{"@type":"ListItem","position":2,"name":"Nuestra Historia"}]},{"@type":"WebSite","@id":"https:\/\/www.persavictormanuel.cl\/#website","url":"https:\/\/www.persavictormanuel.cl\/","name":"Persa Victor Manuel","description":"","publisher":{"@id":"https:\/\/www.persavictormanuel.cl\/#organization"},"potentialAction":[{"@type":"SearchAction","target":{"@type":"EntryPoint","urlTemplate":"https:\/\/www.persavictormanuel.cl\/?s={search_term_string}"},"query-input":{"@type":"PropertyValueSpecification","valueRequired":true,"valueName":"search_term_string"}}],"inLanguage":"en-US"},{"@type":"Organization","@id":"https:\/\/www.persavictormanuel.cl\/#organization","name":"Persa Victor Manuel","url":"https:\/\/www.persavictormanuel.cl\/","logo":{"@type":"ImageObject","inLanguage":"en-US","@id":"https:\/\/www.persavictormanuel.cl\/#\/schema\/logo\/image\/","url":"https:\/\/www.persavictormanuel.cl\/wp-content\/uploads\/2023\/12\/logo_resize.png","contentUrl":"https:\/\/www.persavictormanuel.cl\/wp-content\/uploads\/2023\/12\/logo_resize.png","width":194,"height":196,"caption":"Persa Victor Manuel"},"image":{"@id":"https:\/\/www.persavictormanuel.cl\/#\/schema\/logo\/image\/"},"sameAs":["https:\/\/www.instagram.com\/persavictormanuel\/"]}]}},"_links":{"self":[{"href":"https:\/\/www.persavictormanuel.cl\/en\/wp-json\/wp\/v2\/pages\/317","targetHints":{"allow":["GET"]}}],"collection":[{"href":"https:\/\/www.persavictormanuel.cl\/en\/wp-json\/wp\/v2\/pages"}],"about":[{"href":"https:\/\/www.persavictormanuel.cl\/en\/wp-json\/wp\/v2\/types\/page"}],"author":[{"embeddable":true,"href":"https:\/\/www.persavictormanuel.cl\/en\/wp-json\/wp\/v2\/users\/1"}],"replies":[{"embeddable":true,"href":"https:\/\/www.persavictormanuel.cl\/en\/wp-json\/wp\/v2\/comments?post=317"}],"version-history":[{"count":0,"href":"https:\/\/www.persavictormanuel.cl\/en\/wp-json\/wp\/v2\/pages\/317\/revisions"}],"wp:featuredmedia":[{"embeddable":true,"href":"https:\/\/www.persavictormanuel.cl\/en\/wp-json\/wp\/v2\/media\/2221"}],"wp:attachment":[{"href":"https:\/\/www.persavictormanuel.cl\/en\/wp-json\/wp\/v2\/media?parent=317"}],"curies":[{"name":"wp","href":"https:\/\/api.w.org\/{rel}","templated":true}]}}